{"id":3,"date":"2025-02-11T00:46:01","date_gmt":"2025-02-11T00:46:01","guid":{"rendered":"https:\/\/alsbrasil.com.br\/obragen\/?page_id=3"},"modified":"2026-02-06T19:43:04","modified_gmt":"2026-02-06T19:43:04","slug":"politica-privacidade","status":"publish","type":"page","link":"https:\/\/alsbrasil.com.br\/obragen\/politica-privacidade\/","title":{"rendered":"Pol\u00edtica de Privacidade"},"content":{"rendered":"\t\t<div data-elementor-type=\"wp-page\" data-elementor-id=\"3\" class=\"elementor elementor-3\" data-elementor-post-type=\"page\">\n\t\t\t\t<div class=\"elementor-element elementor-element-beb6e20 e-con-full e-flex e-con e-parent\" data-id=\"beb6e20\" data-element_type=\"container\" data-e-type=\"container\" data-settings=\"{&quot;background_background&quot;:&quot;classic&quot;,&quot;background_motion_fx_motion_fx_scrolling&quot;:&quot;yes&quot;,&quot;background_motion_fx_translateY_effect&quot;:&quot;yes&quot;,&quot;background_motion_fx_blur_effect&quot;:&quot;yes&quot;,&quot;background_motion_fx_range&quot;:&quot;page&quot;,&quot;shape_divider_bottom&quot;:&quot;pyramids&quot;,&quot;animation&quot;:&quot;none&quot;,&quot;background_motion_fx_translateY_speed&quot;:{&quot;unit&quot;:&quot;px&quot;,&quot;size&quot;:4,&quot;sizes&quot;:[]},&quot;background_motion_fx_translateY_affectedRange&quot;:{&quot;unit&quot;:&quot;%&quot;,&quot;size&quot;:&quot;&quot;,&quot;sizes&quot;:{&quot;start&quot;:0,&quot;end&quot;:100}},&quot;background_motion_fx_blur_direction&quot;:&quot;out-in&quot;,&quot;background_motion_fx_blur_level&quot;:{&quot;unit&quot;:&quot;px&quot;,&quot;size&quot;:7,&quot;sizes&quot;:[]},&quot;background_motion_fx_blur_range&quot;:{&quot;unit&quot;:&quot;%&quot;,&quot;size&quot;:&quot;&quot;,&quot;sizes&quot;:{&quot;start&quot;:20,&quot;end&quot;:80}},&quot;background_motion_fx_devices&quot;:[&quot;desktop&quot;,&quot;tablet&quot;,&quot;mobile&quot;]}\">\n\t\t\t\t<div class=\"elementor-shape elementor-shape-bottom\" aria-hidden=\"true\" data-negative=\"false\">\n\t\t\t<svg xmlns=\"http:\/\/www.w3.org\/2000\/svg\" viewBox=\"0 0 1000 100\" preserveAspectRatio=\"none\">\n\t<path class=\"elementor-shape-fill\" d=\"M761.9,44.1L643.1,27.2L333.8,98L0,3.8V0l1000,0v3.9\"\/>\n<\/svg>\t\t<\/div>\n\t\t<div class=\"elementor-element elementor-element-9e6c142 e-con-full e-flex e-con e-child\" data-id=\"9e6c142\" data-element_type=\"container\" data-e-type=\"container\">\n\t\t\t\t<div class=\"elementor-element elementor-element-e2cc09f elementor-widget__width-initial elementor-invisible elementor-widget elementor-widget-heading\" data-id=\"e2cc09f\" data-element_type=\"widget\" data-e-type=\"widget\" data-settings=\"{&quot;_animation&quot;:&quot;fadeInUp&quot;}\" data-widget_type=\"heading.default\">\n\t\t\t\t<div class=\"elementor-widget-container\">\n\t\t\t\t\t<h1 class=\"elementor-heading-title elementor-size-default\">Pol\u00edtica de Privacidade<\/h1>\t\t\t\t<\/div>\n\t\t\t\t<\/div>\n\t\t\t\t<\/div>\n\t\t\t\t<\/div>\n\t\t<div class=\"elementor-element elementor-element-6e67439a e-flex e-con-boxed e-con e-parent\" data-id=\"6e67439a\" data-element_type=\"container\" data-e-type=\"container\">\n\t\t\t\t\t<div class=\"e-con-inner\">\n\t\t\t\t<div class=\"elementor-element elementor-element-ca7ce68 elementor-widget elementor-widget-text-editor\" data-id=\"ca7ce68\" data-element_type=\"widget\" data-e-type=\"widget\" data-widget_type=\"text-editor.default\">\n\t\t\t\t<div class=\"elementor-widget-container\">\n\t\t\t\t\t\t\t\t\t<p><\/p>\n<h2 class=\"wp-block-heading\" data-path-to-node=\"3\">Pol\u00edtica de Privacidade &#8211; Obragen<\/h2>\n<p data-path-to-node=\"4\">A sua privacidade \u00e9 importante para n\u00f3s. \u00c9 pol\u00edtica da <b data-path-to-node=\"4\" data-index-in-node=\"55\">Obragen<\/b> respeitar a sua privacidade em rela\u00e7\u00e3o a qualquer informa\u00e7\u00e3o sua que possamos coletar no site Obragen e em outros sites que possu\u00edmos e operamos.<\/p>\n<h3 data-path-to-node=\"5\">1. Coleta de Informa\u00e7\u00f5es<\/h3>\n<p data-path-to-node=\"6\">Solicitamos informa\u00e7\u00f5es pessoais apenas quando realmente precisamos delas para lhe fornecer um servi\u00e7o, como pedidos de or\u00e7amento ou consultoria estrat\u00e9gica. Fazemo-lo por meios justos e legais, com o seu conhecimento e consentimento livre e inequ\u00edvoco. Tamb\u00e9m informamos claramente a finalidade da coleta e como esses dados ser\u00e3o utilizados.<\/p>\n<h3 data-path-to-node=\"7\">2. Reten\u00e7\u00e3o e Seguran\u00e7a de Dados<\/h3>\n<p data-path-to-node=\"8\">Apenas retemos as informa\u00e7\u00f5es coletadas pelo tempo necess\u00e1rio para fornecer o servi\u00e7o solicitado ou para cumprir obriga\u00e7\u00f5es legais. Quando armazenamos dados, os protegemos dentro de meios comercialmente aceit\u00e1veis para evitar perdas e roubos, bem como acesso, divulga\u00e7\u00e3o, c\u00f3pia, uso ou modifica\u00e7\u00e3o n\u00e3o autorizados.<\/p>\n<h3 data-path-to-node=\"9\">3. Compartilhamento de Dados<\/h3>\n<p data-path-to-node=\"10\">N\u00e3o compartilhamos informa\u00e7\u00f5es de identifica\u00e7\u00e3o pessoal publicamente ou com terceiros, exceto quando exigido por lei ou para a execu\u00e7\u00e3o de contratos firmados com o usu\u00e1rio.<\/p>\n<h3 data-path-to-node=\"11\">4. Links para Sites de Terceiros<\/h3>\n<p data-path-to-node=\"12\">O nosso site pode conter links para sites externos que n\u00e3o s\u00e3o operados por n\u00f3s. Esteja ciente de que n\u00e3o temos<span class=\"citation-275 citation-end-275\"> controle sobre o conte\u00fado e as pr\u00e1ticas desses sites e n\u00e3o podemos aceitar responsabilidade por suas respectivas pol\u00edticas de privacidade.<\/span><\/p>\n<h3 data-path-to-node=\"13\"><span class=\"citation-274 citation-end-274\">5. Direitos do Usu\u00e1rio<\/span><\/h3>\n<p data-path-to-node=\"14\"><span class=\"citation-273 citation-end-273\">Voc\u00ea \u00e9 livre para recusar a nossa solicita\u00e7\u00e3o de i<\/span>nforma\u00e7\u00f5es pessoais, entendendo que, nesses casos, talvez n\u00e3o possamos fornecer alguns dos servi\u00e7os ou estudos de vulnerabilidade desejados.<\/p>\n<p data-path-to-node=\"15\">O uso continuado de nosso site ser\u00e1 considerado como aceita\u00e7\u00e3o de nossas pr\u00e1ticas em torno de privac<span class=\"citation-272 citation-end-272\">idade e informa\u00e7\u00f5es pessoais. Se voc\u00ea tiver alguma d\u00favida sobre como lidamos com dados do usu\u00e1rio e informa\u00e7\u00f5es pessoais, entre em contato conosco.<\/span><\/p>\n<div class=\"source-inline-chip-container ng-star-inserted\">&nbsp;<\/div>\n<h3 data-path-to-node=\"16\"><span class=\"citation-271 citation-end-271\">6. Pol\u00edtica de Cookies e Publicidade<\/span><\/h3>\n<ul data-path-to-node=\"17\">\n<li>\n<p data-path-to-node=\"17,0,0\"><b data-path-to-node=\"17,0,0\" data-index-in-node=\"0\"><span class=\"citation-270\">Google AdSense:<\/span><\/b><span class=\"citation-270 citation-end-270\"> Utilizamos o servi\u00e7o Go<\/span>ogle AdSense para veicular publicidade. Ele usa um cookie <i data-path-to-node=\"17,0,0\" data-index-in-node=\"97\">DoubleClick<\/i> para veicular an\u00fancios mais relevantes em toda a Web e limitar o n\u00famero de vezes que um determinado an\u00fancio \u00e9 exibido para voc\u00ea.<\/p>\n<div class=\"source-inline-chip-container ng-star-inserted\">&nbsp;<\/div>\n<\/li>\n<li>\n<p data-path-to-node=\"17,1,0\"><b data-path-to-node=\"17,1,0\" data-index-in-node=\"0\">An\u00fancios Comportamentais:<\/b> Utilizamos cookies de publicidade comportamental para garantir que os an\u00fancios exibidos sejam os mais relevantes poss\u00edveis, rastreando anonimamente seus interesses profissionais para apresentar solu\u00e7\u00f5es que possam ser de seu valor.<br><br><\/p><\/li>\n<li>\n<p data-path-to-node=\"17,2,0\"><b data-path-to-node=\"17,2,0\" data-index-in-node=\"0\">Rastreamento de Afiliados:<\/b> V\u00e1rios parceiros anunciam em nosso nome. Os cookies de rastreamento de afiliados nos permitem verificar se nossos clientes acessaram o site atrav\u00e9s de um de nossos parceiros para os cr\u00e9ditos devidos.<\/p>\n<\/li>\n<\/ul>\n<h3 data-path-to-node=\"18\">7. Compromisso do Usu\u00e1rio<\/h3>\n<p data-path-to-node=\"19\">O usu\u00e1rio se compromete a fazer uso adequado dos conte\u00fados e da informa\u00e7\u00e3o que a <b data-path-to-node=\"19\" data-index-in-node=\"81\">Obragen<\/b> oferece e, com car\u00e1ter enunciativo, mas n\u00e3o limitativo:<\/p>\n<ul data-path-to-node=\"20\">\n<li>\n<p data-path-to-node=\"20,0,0\"><b data-path-to-node=\"20,0,0\" data-index-in-node=\"0\">A)<\/b> N\u00e3o se envolver em atividades que sejam ilegais ou contr\u00e1rias \u00e0 boa-f\u00e9 e \u00e0 ordem p\u00fablica;<\/p>\n<\/li>\n<li>\n<p data-path-to-node=\"20,1,0\"><b data-path-to-node=\"20,1,0\" data-index-in-node=\"0\">B)<\/b> N\u00e3o difundir propaganda ou conte\u00fado de natureza racista, xenof\u00f3bica, jogos de sorte ou azar, pornografia ilegal, apologia ao terrorismo ou contra os direitos humanos;<\/p>\n<\/li>\n<li>\n<p data-path-to-node=\"20,2,0\"><b data-path-to-node=\"20,2,0\" data-index-in-node=\"0\">C)<\/b> N\u00e3o causar danos aos sistemas f\u00edsicos (hardwares) e l\u00f3gicos (softwares) da Obragen, de seus fornecedores ou terceiros, introduzindo v\u00edrus inform\u00e1ticos ou quaisquer outros sistemas que sejam capazes de causar danos.<\/p>\n<\/li>\n<\/ul>\n<h3 data-path-to-node=\"21\">8. Mais Informa\u00e7\u00f5es<\/h3>\n<p data-path-to-node=\"22\">Esperamos que estas diretrizes estejam claras. Como mencionado anteriormente, se houver algo que voc\u00ea n\u00e3o tenha certeza se precisa ou n\u00e3o, geralmente \u00e9 mais seguro deixar os cookies ativados para garantir a interatividade com os recursos do nosso site.<\/p>\n<p data-path-to-node=\"23\">Esta pol\u00edtica \u00e9 efetiva a partir de <b data-path-to-node=\"23\" data-index-in-node=\"36\">4 de fevereiro de 2026<\/b>.<\/p>\t\t\t\t\t\t\t\t<\/div>\n\t\t\t\t<\/div>\n\t\t\t\t\t<\/div>\n\t\t\t\t<\/div>\n\t\t\t\t<\/div>\n\t\t","protected":false},"excerpt":{"rendered":"<p>Pol\u00edtica de Privacidade Pol\u00edtica de Privacidade &#8211; Obragen A sua privacidade \u00e9 importante para n\u00f3s. \u00c9 pol\u00edtica da Obragen respeitar [&hellip;]<\/p>\n","protected":false},"author":1,"featured_media":0,"parent":0,"menu_order":0,"comment_status":"closed","ping_status":"closed","template":"elementor_header_footer","meta":{"site-sidebar-layout":"default","site-content-layout":"","ast-site-content-layout":"default","site-content-style":"default","site-sidebar-style":"default","ast-global-header-display":"","ast-banner-title-visibility":"","ast-main-header-display":"","ast-hfb-above-header-display":"","ast-hfb-below-header-display":"","ast-hfb-mobile-header-display":"","site-post-title":"","ast-breadcrumbs-content":"","ast-featured-img":"","footer-sml-layout":"","theme-transparent-header-meta":"","adv-header-id-meta":"","stick-header-meta":"","header-above-stick-meta":"","header-main-stick-meta":"","header-below-stick-meta":"","astra-migrate-meta-layouts":"default","ast-page-background-enabled":"default","ast-page-background-meta":{"desktop":{"background-color":"var(--ast-global-color-5)","background-image":"","background-repeat":"repeat","background-position":"center center","background-size":"auto","background-attachment":"scroll","background-type":"","background-media":"","overlay-type":"","overlay-color":"","overlay-opacity":"","overlay-gradient":""},"tablet":{"background-color":"","background-image":"","background-repeat":"repeat","background-position":"center center","background-size":"auto","background-attachment":"scroll","background-type":"","background-media":"","overlay-type":"","overlay-color":"","overlay-opacity":"","overlay-gradient":""},"mobile":{"background-color":"","background-image":"","background-repeat":"repeat","background-position":"center center","background-size":"auto","background-attachment":"scroll","background-type":"","background-media":"","overlay-type":"","overlay-color":"","overlay-opacity":"","overlay-gradient":""}},"ast-content-background-meta":{"desktop":{"background-color":"var(--ast-global-color-4)","background-image":"","background-repeat":"repeat","background-position":"center center","background-size":"auto","background-attachment":"scroll","background-type":"","background-media":"","overlay-type":"","overlay-color":"","overlay-opacity":"","overlay-gradient":""},"tablet":{"background-color":"var(--ast-global-color-4)","background-image":"","background-repeat":"repeat","background-position":"center center","background-size":"auto","background-attachment":"scroll","background-type":"","background-media":"","overlay-type":"","overlay-color":"","overlay-opacity":"","overlay-gradient":""},"mobile":{"background-color":"var(--ast-global-color-4)","background-image":"","background-repeat":"repeat","background-position":"center center","background-size":"auto","background-attachment":"scroll","background-type":"","background-media":"","overlay-type":"","overlay-color":"","overlay-opacity":"","overlay-gradient":""}},"footnotes":""},"class_list":["post-3","page","type-page","status-publish","hentry"],"_links":{"self":[{"href":"https:\/\/alsbrasil.com.br\/obragen\/wp-json\/wp\/v2\/pages\/3","targetHints":{"allow":["GET"]}}],"collection":[{"href":"https:\/\/alsbrasil.com.br\/obragen\/wp-json\/wp\/v2\/pages"}],"about":[{"href":"https:\/\/alsbrasil.com.br\/obragen\/wp-json\/wp\/v2\/types\/page"}],"author":[{"embeddable":true,"href":"https:\/\/alsbrasil.com.br\/obragen\/wp-json\/wp\/v2\/users\/1"}],"replies":[{"embeddable":true,"href":"https:\/\/alsbrasil.com.br\/obragen\/wp-json\/wp\/v2\/comments?post=3"}],"version-history":[{"count":10,"href":"https:\/\/alsbrasil.com.br\/obragen\/wp-json\/wp\/v2\/pages\/3\/revisions"}],"predecessor-version":[{"id":357,"href":"https:\/\/alsbrasil.com.br\/obragen\/wp-json\/wp\/v2\/pages\/3\/revisions\/357"}],"wp:attachment":[{"href":"https:\/\/alsbrasil.com.br\/obragen\/wp-json\/wp\/v2\/media?parent=3"}],"curies":[{"name":"wp","href":"https:\/\/api.w.org\/{rel}","templated":true}]}}