{"id":26,"date":"2025-02-12T00:28:02","date_gmt":"2025-02-12T00:28:02","guid":{"rendered":"https:\/\/alsbrasil.com.br\/obragen\/?page_id=26"},"modified":"2026-02-07T01:28:12","modified_gmt":"2026-02-07T01:28:12","slug":"servicos","status":"publish","type":"page","link":"https:\/\/alsbrasil.com.br\/obragen\/servicos\/","title":{"rendered":"Servi\u00e7os"},"content":{"rendered":"\t\t<div data-elementor-type=\"wp-page\" data-elementor-id=\"26\" class=\"elementor elementor-26\" data-elementor-post-type=\"page\">\n\t\t\t\t<div class=\"elementor-element elementor-element-f291714 e-con-full e-flex e-con e-parent\" data-id=\"f291714\" data-element_type=\"container\" data-e-type=\"container\" data-settings=\"{&quot;background_background&quot;:&quot;classic&quot;,&quot;background_motion_fx_motion_fx_scrolling&quot;:&quot;yes&quot;,&quot;background_motion_fx_translateY_effect&quot;:&quot;yes&quot;,&quot;background_motion_fx_blur_effect&quot;:&quot;yes&quot;,&quot;background_motion_fx_range&quot;:&quot;page&quot;,&quot;shape_divider_bottom&quot;:&quot;pyramids&quot;,&quot;animation&quot;:&quot;none&quot;,&quot;background_motion_fx_translateY_speed&quot;:{&quot;unit&quot;:&quot;px&quot;,&quot;size&quot;:4,&quot;sizes&quot;:[]},&quot;background_motion_fx_translateY_affectedRange&quot;:{&quot;unit&quot;:&quot;%&quot;,&quot;size&quot;:&quot;&quot;,&quot;sizes&quot;:{&quot;start&quot;:0,&quot;end&quot;:100}},&quot;background_motion_fx_blur_direction&quot;:&quot;out-in&quot;,&quot;background_motion_fx_blur_level&quot;:{&quot;unit&quot;:&quot;px&quot;,&quot;size&quot;:7,&quot;sizes&quot;:[]},&quot;background_motion_fx_blur_range&quot;:{&quot;unit&quot;:&quot;%&quot;,&quot;size&quot;:&quot;&quot;,&quot;sizes&quot;:{&quot;start&quot;:20,&quot;end&quot;:80}},&quot;background_motion_fx_devices&quot;:[&quot;desktop&quot;,&quot;tablet&quot;,&quot;mobile&quot;]}\">\n\t\t\t\t<div class=\"elementor-shape elementor-shape-bottom\" aria-hidden=\"true\" data-negative=\"false\">\n\t\t\t<svg xmlns=\"http:\/\/www.w3.org\/2000\/svg\" viewBox=\"0 0 1000 100\" preserveAspectRatio=\"none\">\n\t<path class=\"elementor-shape-fill\" d=\"M761.9,44.1L643.1,27.2L333.8,98L0,3.8V0l1000,0v3.9\"\/>\n<\/svg>\t\t<\/div>\n\t\t<div class=\"elementor-element elementor-element-089fe03 e-con-full e-flex e-con e-child\" data-id=\"089fe03\" data-element_type=\"container\" data-e-type=\"container\">\n\t\t\t\t<div class=\"elementor-element elementor-element-dd2bbc4 elementor-widget__width-initial elementor-invisible elementor-widget elementor-widget-heading\" data-id=\"dd2bbc4\" data-element_type=\"widget\" data-e-type=\"widget\" data-settings=\"{&quot;_animation&quot;:&quot;fadeInUp&quot;}\" data-widget_type=\"heading.default\">\n\t\t\t\t<div class=\"elementor-widget-container\">\n\t\t\t\t\t<h1 class=\"elementor-heading-title elementor-size-default\">Servi\u00e7os<\/h1>\t\t\t\t<\/div>\n\t\t\t\t<\/div>\n\t\t\t\t<\/div>\n\t\t<div class=\"elementor-element elementor-element-333be1c e-con-full e-flex elementor-invisible e-con e-child\" data-id=\"333be1c\" data-element_type=\"container\" data-e-type=\"container\" data-settings=\"{&quot;animation&quot;:&quot;fadeInUp&quot;}\">\n\t\t\t\t<div class=\"elementor-element elementor-element-f21cb03 elementor-widget elementor-widget-heading\" data-id=\"f21cb03\" data-element_type=\"widget\" data-e-type=\"widget\" data-widget_type=\"heading.default\">\n\t\t\t\t<div class=\"elementor-widget-container\">\n\t\t\t\t\t<h5 class=\"elementor-heading-title elementor-size-default\">Especialistas em terraplanagem, asfaltos e condom\u00ednios prontos para atender voc\u00ea!<\/h5>\t\t\t\t<\/div>\n\t\t\t\t<\/div>\n\t\t\t\t<\/div>\n\t\t\t\t<\/div>\n\t\t<div class=\"elementor-element elementor-element-d776c0f e-flex e-con-boxed e-con e-parent\" data-id=\"d776c0f\" data-element_type=\"container\" data-e-type=\"container\">\n\t\t\t\t\t<div class=\"e-con-inner\">\n\t\t<div class=\"elementor-element elementor-element-d5c342a e-con-full e-flex e-con e-child\" data-id=\"d5c342a\" data-element_type=\"container\" data-e-type=\"container\">\n\t\t\t\t<div class=\"elementor-element elementor-element-7da922f elementor-widget elementor-widget-text-editor\" data-id=\"7da922f\" data-element_type=\"widget\" data-e-type=\"widget\" data-widget_type=\"text-editor.default\">\n\t\t\t\t<div class=\"elementor-widget-container\">\n\t\t\t\t\t\t\t\t\t<p data-sourcepos=\"7:1-7:297\">Na <strong>Obragen<\/strong>, oferecemos um portf\u00f3lio completo de solu\u00e7\u00f5es em engenharia e infraestrutura. Com expertise e tecnologia de ponta, estamos preparados para atender \u00e0s mais diversas necessidades do seu projeto, garantindo qualidade, efici\u00eancia e resultados duradouros. Conhe\u00e7a abaixo nossos principais servi\u00e7os:<\/p>\t\t\t\t\t\t\t\t<\/div>\n\t\t\t\t<\/div>\n\t\t\t\t<\/div>\n\t\t\t\t\t<\/div>\n\t\t\t\t<\/div>\n\t\t<div class=\"elementor-element elementor-element-a2b693c e-flex e-con-boxed e-con e-parent\" data-id=\"a2b693c\" data-element_type=\"container\" data-e-type=\"container\">\n\t\t\t\t\t<div class=\"e-con-inner\">\n\t\t<div class=\"elementor-element elementor-element-88813be e-con-full e-flex e-con e-child\" data-id=\"88813be\" data-element_type=\"container\" data-e-type=\"container\">\n\t\t\t\t<div class=\"elementor-element elementor-element-fce67cd elementor-widget elementor-widget-image\" data-id=\"fce67cd\" data-element_type=\"widget\" data-e-type=\"widget\" data-widget_type=\"image.default\">\n\t\t\t\t<div class=\"elementor-widget-container\">\n\t\t\t\t\t\t\t\t\t\t\t\t\t\t\t<img fetchpriority=\"high\" decoding=\"async\" width=\"300\" height=\"210\" src=\"https:\/\/alsbrasil.com.br\/obragen\/wp-content\/uploads\/2026\/02\/terraplanagem-1-300x210.webp\" class=\"attachment-medium size-medium wp-image-367\" alt=\"\" srcset=\"https:\/\/alsbrasil.com.br\/obragen\/wp-content\/uploads\/2026\/02\/terraplanagem-1-300x210.webp 300w, https:\/\/alsbrasil.com.br\/obragen\/wp-content\/uploads\/2026\/02\/terraplanagem-1.webp 500w\" sizes=\"(max-width: 300px) 100vw, 300px\" \/>\t\t\t\t\t\t\t\t\t\t\t\t\t\t\t<\/div>\n\t\t\t\t<\/div>\n\t\t\t\t<div class=\"elementor-element elementor-element-0165fd5 elementor-widget elementor-widget-heading\" data-id=\"0165fd5\" data-element_type=\"widget\" data-e-type=\"widget\" data-widget_type=\"heading.default\">\n\t\t\t\t<div class=\"elementor-widget-container\">\n\t\t\t\t\t<h3 class=\"elementor-heading-title elementor-size-default\">Terraplenagem<\/h3>\t\t\t\t<\/div>\n\t\t\t\t<\/div>\n\t\t\t\t<div class=\"elementor-element elementor-element-c0f6cf0 elementor-widget elementor-widget-text-editor\" data-id=\"c0f6cf0\" data-element_type=\"widget\" data-e-type=\"widget\" data-widget_type=\"text-editor.default\">\n\t\t\t\t<div class=\"elementor-widget-container\">\n\t\t\t\t\t\t\t\t\t<p>Prepara\u00e7\u00e3o e nivelamento de terrenos para qualquer tipo de constru\u00e7\u00e3o ou infraestrutura.<\/p>\t\t\t\t\t\t\t\t<\/div>\n\t\t\t\t<\/div>\n\t\t\t\t<\/div>\n\t\t<div class=\"elementor-element elementor-element-64a6b61 e-con-full e-flex e-con e-child\" data-id=\"64a6b61\" data-element_type=\"container\" data-e-type=\"container\">\n\t\t\t\t<div class=\"elementor-element elementor-element-35c511e elementor-widget elementor-widget-image\" data-id=\"35c511e\" data-element_type=\"widget\" data-e-type=\"widget\" data-widget_type=\"image.default\">\n\t\t\t\t<div class=\"elementor-widget-container\">\n\t\t\t\t\t\t\t\t\t\t\t\t\t\t\t<img decoding=\"async\" width=\"300\" height=\"210\" src=\"https:\/\/alsbrasil.com.br\/obragen\/wp-content\/uploads\/2026\/02\/pavimentacao-asfaltica-300x210.webp\" class=\"attachment-medium size-medium wp-image-366\" alt=\"\" srcset=\"https:\/\/alsbrasil.com.br\/obragen\/wp-content\/uploads\/2026\/02\/pavimentacao-asfaltica-300x210.webp 300w, https:\/\/alsbrasil.com.br\/obragen\/wp-content\/uploads\/2026\/02\/pavimentacao-asfaltica.webp 500w\" sizes=\"(max-width: 300px) 100vw, 300px\" \/>\t\t\t\t\t\t\t\t\t\t\t\t\t\t\t<\/div>\n\t\t\t\t<\/div>\n\t\t\t\t<div class=\"elementor-element elementor-element-dd75191 elementor-widget elementor-widget-heading\" data-id=\"dd75191\" data-element_type=\"widget\" data-e-type=\"widget\" data-widget_type=\"heading.default\">\n\t\t\t\t<div class=\"elementor-widget-container\">\n\t\t\t\t\t<h3 class=\"elementor-heading-title elementor-size-default\">Pavimenta\u00e7\u00e3o Asf\u00e1ltica<\/h3>\t\t\t\t<\/div>\n\t\t\t\t<\/div>\n\t\t\t\t<div class=\"elementor-element elementor-element-de08de6 elementor-widget elementor-widget-text-editor\" data-id=\"de08de6\" data-element_type=\"widget\" data-e-type=\"widget\" data-widget_type=\"text-editor.default\">\n\t\t\t\t<div class=\"elementor-widget-container\">\n\t\t\t\t\t\t\t\t\t<p>Execu\u00e7\u00e3o de camadas asf\u00e1lticas de alta qualidade para vias urbanas, rodovias e p\u00e1tios.<\/p>\t\t\t\t\t\t\t\t<\/div>\n\t\t\t\t<\/div>\n\t\t\t\t<\/div>\n\t\t<div class=\"elementor-element elementor-element-0dc6b4e e-con-full e-flex e-con e-child\" data-id=\"0dc6b4e\" data-element_type=\"container\" data-e-type=\"container\">\n\t\t\t\t<div class=\"elementor-element elementor-element-1d9bd38 elementor-widget elementor-widget-image\" data-id=\"1d9bd38\" data-element_type=\"widget\" data-e-type=\"widget\" data-widget_type=\"image.default\">\n\t\t\t\t<div class=\"elementor-widget-container\">\n\t\t\t\t\t\t\t\t\t\t\t\t\t\t\t<img decoding=\"async\" width=\"300\" height=\"210\" src=\"https:\/\/alsbrasil.com.br\/obragen\/wp-content\/uploads\/2026\/02\/usina-asfaltica-300x210.webp\" class=\"attachment-medium size-medium wp-image-363\" alt=\"\" srcset=\"https:\/\/alsbrasil.com.br\/obragen\/wp-content\/uploads\/2026\/02\/usina-asfaltica-300x210.webp 300w, https:\/\/alsbrasil.com.br\/obragen\/wp-content\/uploads\/2026\/02\/usina-asfaltica.webp 500w\" sizes=\"(max-width: 300px) 100vw, 300px\" \/>\t\t\t\t\t\t\t\t\t\t\t\t\t\t\t<\/div>\n\t\t\t\t<\/div>\n\t\t\t\t<div class=\"elementor-element elementor-element-c1972fa elementor-widget elementor-widget-heading\" data-id=\"c1972fa\" data-element_type=\"widget\" data-e-type=\"widget\" data-widget_type=\"heading.default\">\n\t\t\t\t<div class=\"elementor-widget-container\">\n\t\t\t\t\t<h3 class=\"elementor-heading-title elementor-size-default\">Usina de Asfalto<\/h3>\t\t\t\t<\/div>\n\t\t\t\t<\/div>\n\t\t\t\t<div class=\"elementor-element elementor-element-ca30a22 elementor-widget elementor-widget-text-editor\" data-id=\"ca30a22\" data-element_type=\"widget\" data-e-type=\"widget\" data-widget_type=\"text-editor.default\">\n\t\t\t\t<div class=\"elementor-widget-container\">\n\t\t\t\t\t\t\t\t\t<p>Produ\u00e7\u00e3o de massa asf\u00e1ltica com tecnologia e controle de qualidade para diversos projetos.<\/p>\t\t\t\t\t\t\t\t<\/div>\n\t\t\t\t<\/div>\n\t\t\t\t<\/div>\n\t\t<div class=\"elementor-element elementor-element-0443cc2 e-con-full e-flex e-con e-child\" data-id=\"0443cc2\" data-element_type=\"container\" data-e-type=\"container\">\n\t\t\t\t<div class=\"elementor-element elementor-element-990589d elementor-widget elementor-widget-image\" data-id=\"990589d\" data-element_type=\"widget\" data-e-type=\"widget\" data-widget_type=\"image.default\">\n\t\t\t\t<div class=\"elementor-widget-container\">\n\t\t\t\t\t\t\t\t\t\t\t\t\t\t\t<img loading=\"lazy\" decoding=\"async\" width=\"300\" height=\"210\" src=\"https:\/\/alsbrasil.com.br\/obragen\/wp-content\/uploads\/2026\/02\/fresagem-recuperacao-pavimento-300x210.webp\" class=\"attachment-medium size-medium wp-image-365\" alt=\"\" srcset=\"https:\/\/alsbrasil.com.br\/obragen\/wp-content\/uploads\/2026\/02\/fresagem-recuperacao-pavimento-300x210.webp 300w, https:\/\/alsbrasil.com.br\/obragen\/wp-content\/uploads\/2026\/02\/fresagem-recuperacao-pavimento.webp 500w\" sizes=\"(max-width: 300px) 100vw, 300px\" \/>\t\t\t\t\t\t\t\t\t\t\t\t\t\t\t<\/div>\n\t\t\t\t<\/div>\n\t\t\t\t<div class=\"elementor-element elementor-element-8cf71e2 elementor-widget elementor-widget-heading\" data-id=\"8cf71e2\" data-element_type=\"widget\" data-e-type=\"widget\" data-widget_type=\"heading.default\">\n\t\t\t\t<div class=\"elementor-widget-container\">\n\t\t\t\t\t<h3 class=\"elementor-heading-title elementor-size-default\">Fresagem e Recupera\u00e7\u00e3o de Pavimento<\/h3>\t\t\t\t<\/div>\n\t\t\t\t<\/div>\n\t\t\t\t<div class=\"elementor-element elementor-element-af15eb7 elementor-widget elementor-widget-text-editor\" data-id=\"af15eb7\" data-element_type=\"widget\" data-e-type=\"widget\" data-widget_type=\"text-editor.default\">\n\t\t\t\t<div class=\"elementor-widget-container\">\n\t\t\t\t\t\t\t\t\t<p>Remo\u00e7\u00e3o de camadas deterioradas do asfalto e recupera\u00e7\u00e3o da superf\u00edcie para prolongar a vida \u00fatil do pavimento.<\/p>\t\t\t\t\t\t\t\t<\/div>\n\t\t\t\t<\/div>\n\t\t\t\t<\/div>\n\t\t\t\t\t<\/div>\n\t\t\t\t<\/div>\n\t\t<div class=\"elementor-element elementor-element-21e6bf6 e-flex e-con-boxed e-con e-parent\" data-id=\"21e6bf6\" data-element_type=\"container\" data-e-type=\"container\">\n\t\t\t\t\t<div class=\"e-con-inner\">\n\t\t<div class=\"elementor-element elementor-element-c858114 e-con-full e-flex e-con e-child\" data-id=\"c858114\" data-element_type=\"container\" data-e-type=\"container\">\n\t\t\t\t<div class=\"elementor-element elementor-element-c027d85 elementor-widget elementor-widget-image\" data-id=\"c027d85\" data-element_type=\"widget\" data-e-type=\"widget\" data-widget_type=\"image.default\">\n\t\t\t\t<div class=\"elementor-widget-container\">\n\t\t\t\t\t\t\t\t\t\t\t\t\t\t\t<img loading=\"lazy\" decoding=\"async\" width=\"300\" height=\"210\" src=\"https:\/\/alsbrasil.com.br\/obragen\/wp-content\/uploads\/2026\/02\/reciclagem-pavimento-300x210.webp\" class=\"attachment-medium size-medium wp-image-362\" alt=\"\" srcset=\"https:\/\/alsbrasil.com.br\/obragen\/wp-content\/uploads\/2026\/02\/reciclagem-pavimento-300x210.webp 300w, https:\/\/alsbrasil.com.br\/obragen\/wp-content\/uploads\/2026\/02\/reciclagem-pavimento.webp 500w\" sizes=\"(max-width: 300px) 100vw, 300px\" \/>\t\t\t\t\t\t\t\t\t\t\t\t\t\t\t<\/div>\n\t\t\t\t<\/div>\n\t\t\t\t<div class=\"elementor-element elementor-element-9f527f2 elementor-widget elementor-widget-heading\" data-id=\"9f527f2\" data-element_type=\"widget\" data-e-type=\"widget\" data-widget_type=\"heading.default\">\n\t\t\t\t<div class=\"elementor-widget-container\">\n\t\t\t\t\t<h3 class=\"elementor-heading-title elementor-size-default\">Reciclagem de Pavimento<\/h3>\t\t\t\t<\/div>\n\t\t\t\t<\/div>\n\t\t\t\t<div class=\"elementor-element elementor-element-84aa8fb elementor-widget elementor-widget-text-editor\" data-id=\"84aa8fb\" data-element_type=\"widget\" data-e-type=\"widget\" data-widget_type=\"text-editor.default\">\n\t\t\t\t<div class=\"elementor-widget-container\">\n\t\t\t\t\t\t\t\t\t<p>Processo sustent\u00e1vel de reutiliza\u00e7\u00e3o do material asf\u00e1ltico existente para novas aplica\u00e7\u00f5es.<\/p>\t\t\t\t\t\t\t\t<\/div>\n\t\t\t\t<\/div>\n\t\t\t\t<\/div>\n\t\t<div class=\"elementor-element elementor-element-605688f e-con-full e-flex e-con e-child\" data-id=\"605688f\" data-element_type=\"container\" data-e-type=\"container\">\n\t\t\t\t<div class=\"elementor-element elementor-element-5340df6 elementor-widget elementor-widget-image\" data-id=\"5340df6\" data-element_type=\"widget\" data-e-type=\"widget\" data-widget_type=\"image.default\">\n\t\t\t\t<div class=\"elementor-widget-container\">\n\t\t\t\t\t\t\t\t\t\t\t\t\t\t\t<img loading=\"lazy\" decoding=\"async\" width=\"300\" height=\"210\" src=\"https:\/\/alsbrasil.com.br\/obragen\/wp-content\/uploads\/2026\/02\/drenagem-300x210.webp\" class=\"attachment-medium size-medium wp-image-361\" alt=\"\" srcset=\"https:\/\/alsbrasil.com.br\/obragen\/wp-content\/uploads\/2026\/02\/drenagem-300x210.webp 300w, https:\/\/alsbrasil.com.br\/obragen\/wp-content\/uploads\/2026\/02\/drenagem.webp 500w\" sizes=\"(max-width: 300px) 100vw, 300px\" \/>\t\t\t\t\t\t\t\t\t\t\t\t\t\t\t<\/div>\n\t\t\t\t<\/div>\n\t\t\t\t<div class=\"elementor-element elementor-element-c1754be elementor-widget elementor-widget-heading\" data-id=\"c1754be\" data-element_type=\"widget\" data-e-type=\"widget\" data-widget_type=\"heading.default\">\n\t\t\t\t<div class=\"elementor-widget-container\">\n\t\t\t\t\t<h3 class=\"elementor-heading-title elementor-size-default\">Drenagem<\/h3>\t\t\t\t<\/div>\n\t\t\t\t<\/div>\n\t\t\t\t<div class=\"elementor-element elementor-element-0834733 elementor-widget elementor-widget-text-editor\" data-id=\"0834733\" data-element_type=\"widget\" data-e-type=\"widget\" data-widget_type=\"text-editor.default\">\n\t\t\t\t<div class=\"elementor-widget-container\">\n\t\t\t\t\t\t\t\t\t<p>Implanta\u00e7\u00e3o de sistemas para capta\u00e7\u00e3o e escoamento de \u00e1guas pluviais, garantindo a estabilidade e durabilidade da obra.<\/p>\t\t\t\t\t\t\t\t<\/div>\n\t\t\t\t<\/div>\n\t\t\t\t<\/div>\n\t\t<div class=\"elementor-element elementor-element-34f1a5f e-con-full e-flex e-con e-child\" data-id=\"34f1a5f\" data-element_type=\"container\" data-e-type=\"container\">\n\t\t\t\t<div class=\"elementor-element elementor-element-aa78432 elementor-widget elementor-widget-image\" data-id=\"aa78432\" data-element_type=\"widget\" data-e-type=\"widget\" data-widget_type=\"image.default\">\n\t\t\t\t<div class=\"elementor-widget-container\">\n\t\t\t\t\t\t\t\t\t\t\t\t\t\t\t<img loading=\"lazy\" decoding=\"async\" width=\"300\" height=\"210\" src=\"https:\/\/alsbrasil.com.br\/obragen\/wp-content\/uploads\/2026\/02\/agua-esgoto-300x210.webp\" class=\"attachment-medium size-medium wp-image-364\" alt=\"\" srcset=\"https:\/\/alsbrasil.com.br\/obragen\/wp-content\/uploads\/2026\/02\/agua-esgoto-300x210.webp 300w, https:\/\/alsbrasil.com.br\/obragen\/wp-content\/uploads\/2026\/02\/agua-esgoto.webp 500w\" sizes=\"(max-width: 300px) 100vw, 300px\" \/>\t\t\t\t\t\t\t\t\t\t\t\t\t\t\t<\/div>\n\t\t\t\t<\/div>\n\t\t\t\t<div class=\"elementor-element elementor-element-78103dc elementor-widget elementor-widget-heading\" data-id=\"78103dc\" data-element_type=\"widget\" data-e-type=\"widget\" data-widget_type=\"heading.default\">\n\t\t\t\t<div class=\"elementor-widget-container\">\n\t\t\t\t\t<h3 class=\"elementor-heading-title elementor-size-default\">\u00c1gua e Esgoto<\/h3>\t\t\t\t<\/div>\n\t\t\t\t<\/div>\n\t\t\t\t<div class=\"elementor-element elementor-element-5f333d1 elementor-widget elementor-widget-text-editor\" data-id=\"5f333d1\" data-element_type=\"widget\" data-e-type=\"widget\" data-widget_type=\"text-editor.default\">\n\t\t\t\t<div class=\"elementor-widget-container\">\n\t\t\t\t\t\t\t\t\t<p>Instala\u00e7\u00e3o de redes e sistemas completos para abastecimento de \u00e1gua e coleta\/tratamento de esgoto.<\/p>\t\t\t\t\t\t\t\t<\/div>\n\t\t\t\t<\/div>\n\t\t\t\t<\/div>\n\t\t<div class=\"elementor-element elementor-element-34a25e2 e-con-full e-flex e-con e-child\" data-id=\"34a25e2\" data-element_type=\"container\" data-e-type=\"container\">\n\t\t\t\t<div class=\"elementor-element elementor-element-2007c49 elementor-widget elementor-widget-image\" data-id=\"2007c49\" data-element_type=\"widget\" data-e-type=\"widget\" data-widget_type=\"image.default\">\n\t\t\t\t<div class=\"elementor-widget-container\">\n\t\t\t\t\t\t\t\t\t\t\t\t\t\t\t<img loading=\"lazy\" decoding=\"async\" width=\"300\" height=\"210\" src=\"https:\/\/alsbrasil.com.br\/obragen\/wp-content\/uploads\/2026\/02\/empreendimento-imobiliario-300x210.webp\" class=\"attachment-medium size-medium wp-image-360\" alt=\"\" srcset=\"https:\/\/alsbrasil.com.br\/obragen\/wp-content\/uploads\/2026\/02\/empreendimento-imobiliario-300x210.webp 300w, https:\/\/alsbrasil.com.br\/obragen\/wp-content\/uploads\/2026\/02\/empreendimento-imobiliario.webp 500w\" sizes=\"(max-width: 300px) 100vw, 300px\" \/>\t\t\t\t\t\t\t\t\t\t\t\t\t\t\t<\/div>\n\t\t\t\t<\/div>\n\t\t\t\t<div class=\"elementor-element elementor-element-f88f4dd elementor-widget elementor-widget-heading\" data-id=\"f88f4dd\" data-element_type=\"widget\" data-e-type=\"widget\" data-widget_type=\"heading.default\">\n\t\t\t\t<div class=\"elementor-widget-container\">\n\t\t\t\t\t<h3 class=\"elementor-heading-title elementor-size-default\">Empreendimentos Imobili\u00e1rios<\/h3>\t\t\t\t<\/div>\n\t\t\t\t<\/div>\n\t\t\t\t<div class=\"elementor-element elementor-element-94774e9 elementor-widget elementor-widget-text-editor\" data-id=\"94774e9\" data-element_type=\"widget\" data-e-type=\"widget\" data-widget_type=\"text-editor.default\">\n\t\t\t\t<div class=\"elementor-widget-container\">\n\t\t\t\t\t\t\t\t\t<p>Desenvolvimento de projetos residenciais e comerciais, desde o planejamento at\u00e9 a entrega das chaves.<\/p>\t\t\t\t\t\t\t\t<\/div>\n\t\t\t\t<\/div>\n\t\t\t\t<\/div>\n\t\t\t\t\t<\/div>\n\t\t\t\t<\/div>\n\t\t<div class=\"elementor-element elementor-element-4ff7aed0 e-con-full e-flex e-con e-parent\" data-id=\"4ff7aed0\" data-element_type=\"container\" data-e-type=\"container\" data-settings=\"{&quot;background_background&quot;:&quot;classic&quot;}\">\n\t\t\t\t<div class=\"elementor-element elementor-element-488b7db0 elementor-widget elementor-widget-heading\" data-id=\"488b7db0\" data-element_type=\"widget\" data-e-type=\"widget\" data-widget_type=\"heading.default\">\n\t\t\t\t<div class=\"elementor-widget-container\">\n\t\t\t\t\t<h2 class=\"elementor-heading-title elementor-size-default\">Precisa de uma solu\u00e7\u00e3o para o seu projeto? <br \/>Entre em contato conosco e solicite um or\u00e7amento!<\/h2>\t\t\t\t<\/div>\n\t\t\t\t<\/div>\n\t\t\t\t<div class=\"elementor-element elementor-element-2970f0ae elementor-align-center elementor-widget elementor-widget-button\" data-id=\"2970f0ae\" data-element_type=\"widget\" data-e-type=\"widget\" data-widget_type=\"button.default\">\n\t\t\t\t<div class=\"elementor-widget-container\">\n\t\t\t\t\t\t\t\t\t<div class=\"elementor-button-wrapper\">\n\t\t\t\t\t<a class=\"elementor-button elementor-button-link elementor-size-lg elementor-animation-grow\" href=\"https:\/\/alsbrasil.com.br\/obragen\/contato\/\">\n\t\t\t\t\t\t<span class=\"elementor-button-content-wrapper\">\n\t\t\t\t\t\t\t\t\t<span class=\"elementor-button-text\">ENTRAR EM CONTATO<\/span>\n\t\t\t\t\t<\/span>\n\t\t\t\t\t<\/a>\n\t\t\t\t<\/div>\n\t\t\t\t\t\t\t\t<\/div>\n\t\t\t\t<\/div>\n\t\t\t\t<\/div>\n\t\t\t\t<\/div>\n\t\t","protected":false},"excerpt":{"rendered":"<p>Servi\u00e7os Especialistas em terraplanagem, asfaltos e condom\u00ednios prontos para atender voc\u00ea! Na Obragen, oferecemos um portf\u00f3lio completo de solu\u00e7\u00f5es em [&hellip;]<\/p>\n","protected":false},"author":1,"featured_media":0,"parent":0,"menu_order":0,"comment_status":"closed","ping_status":"closed","template":"","meta":{"site-sidebar-layout":"no-sidebar","site-content-layout":"","ast-site-content-layout":"full-width-container","site-content-style":"default","site-sidebar-style":"default","ast-global-header-display":"","ast-banner-title-visibility":"","ast-main-header-display":"","ast-hfb-above-header-display":"","ast-hfb-below-header-display":"","ast-hfb-mobile-header-display":"","site-post-title":"disabled","ast-breadcrumbs-content":"","ast-featured-img":"disabled","footer-sml-layout":"","theme-transparent-header-meta":"","adv-header-id-meta":"","stick-header-meta":"","header-above-stick-meta":"","header-main-stick-meta":"","header-below-stick-meta":"","astra-migrate-meta-layouts":"default","ast-page-background-enabled":"default","ast-page-background-meta":{"desktop":{"background-color":"var(--ast-global-color-5)","background-image":"","background-repeat":"repeat","background-position":"center center","background-size":"auto","background-attachment":"scroll","background-type":"","background-media":"","overlay-type":"","overlay-color":"","overlay-opacity":"","overlay-gradient":""},"tablet":{"background-color":"","background-image":"","background-repeat":"repeat","background-position":"center center","background-size":"auto","background-attachment":"scroll","background-type":"","background-media":"","overlay-type":"","overlay-color":"","overlay-opacity":"","overlay-gradient":""},"mobile":{"background-color":"","background-image":"","background-repeat":"repeat","background-position":"center center","background-size":"auto","background-attachment":"scroll","background-type":"","background-media":"","overlay-type":"","overlay-color":"","overlay-opacity":"","overlay-gradient":""}},"ast-content-background-meta":{"desktop":{"background-color":"var(--ast-global-color-4)","background-image":"","background-repeat":"repeat","background-position":"center center","background-size":"auto","background-attachment":"scroll","background-type":"","background-media":"","overlay-type":"","overlay-color":"","overlay-opacity":"","overlay-gradient":""},"tablet":{"background-color":"var(--ast-global-color-4)","background-image":"","background-repeat":"repeat","background-position":"center center","background-size":"auto","background-attachment":"scroll","background-type":"","background-media":"","overlay-type":"","overlay-color":"","overlay-opacity":"","overlay-gradient":""},"mobile":{"background-color":"var(--ast-global-color-4)","background-image":"","background-repeat":"repeat","background-position":"center center","background-size":"auto","background-attachment":"scroll","background-type":"","background-media":"","overlay-type":"","overlay-color":"","overlay-opacity":"","overlay-gradient":""}},"footnotes":""},"class_list":["post-26","page","type-page","status-publish","hentry"],"_links":{"self":[{"href":"https:\/\/alsbrasil.com.br\/obragen\/wp-json\/wp\/v2\/pages\/26","targetHints":{"allow":["GET"]}}],"collection":[{"href":"https:\/\/alsbrasil.com.br\/obragen\/wp-json\/wp\/v2\/pages"}],"about":[{"href":"https:\/\/alsbrasil.com.br\/obragen\/wp-json\/wp\/v2\/types\/page"}],"author":[{"embeddable":true,"href":"https:\/\/alsbrasil.com.br\/obragen\/wp-json\/wp\/v2\/users\/1"}],"replies":[{"embeddable":true,"href":"https:\/\/alsbrasil.com.br\/obragen\/wp-json\/wp\/v2\/comments?post=26"}],"version-history":[{"count":7,"href":"https:\/\/alsbrasil.com.br\/obragen\/wp-json\/wp\/v2\/pages\/26\/revisions"}],"predecessor-version":[{"id":370,"href":"https:\/\/alsbrasil.com.br\/obragen\/wp-json\/wp\/v2\/pages\/26\/revisions\/370"}],"wp:attachment":[{"href":"https:\/\/alsbrasil.com.br\/obragen\/wp-json\/wp\/v2\/media?parent=26"}],"curies":[{"name":"wp","href":"https:\/\/api.w.org\/{rel}","templated":true}]}}