{"id":22,"date":"2025-02-12T00:27:20","date_gmt":"2025-02-12T00:27:20","guid":{"rendered":"https:\/\/alsbrasil.com.br\/obragen\/?page_id=22"},"modified":"2025-10-14T11:52:08","modified_gmt":"2025-10-14T11:52:08","slug":"historia","status":"publish","type":"page","link":"https:\/\/alsbrasil.com.br\/obragen\/historia\/","title":{"rendered":"Hist\u00f3ria"},"content":{"rendered":"\t\t<div data-elementor-type=\"wp-page\" data-elementor-id=\"22\" class=\"elementor elementor-22\" data-elementor-post-type=\"page\">\n\t\t\t\t<div class=\"elementor-element elementor-element-dd47ab4 e-con-full e-flex e-con e-parent\" data-id=\"dd47ab4\" data-element_type=\"container\" data-e-type=\"container\" data-settings=\"{&quot;background_background&quot;:&quot;classic&quot;,&quot;background_motion_fx_motion_fx_scrolling&quot;:&quot;yes&quot;,&quot;background_motion_fx_translateY_effect&quot;:&quot;yes&quot;,&quot;background_motion_fx_blur_effect&quot;:&quot;yes&quot;,&quot;background_motion_fx_range&quot;:&quot;page&quot;,&quot;shape_divider_bottom&quot;:&quot;pyramids&quot;,&quot;animation&quot;:&quot;none&quot;,&quot;background_motion_fx_translateY_speed&quot;:{&quot;unit&quot;:&quot;px&quot;,&quot;size&quot;:4,&quot;sizes&quot;:[]},&quot;background_motion_fx_translateY_affectedRange&quot;:{&quot;unit&quot;:&quot;%&quot;,&quot;size&quot;:&quot;&quot;,&quot;sizes&quot;:{&quot;start&quot;:0,&quot;end&quot;:100}},&quot;background_motion_fx_blur_direction&quot;:&quot;out-in&quot;,&quot;background_motion_fx_blur_level&quot;:{&quot;unit&quot;:&quot;px&quot;,&quot;size&quot;:7,&quot;sizes&quot;:[]},&quot;background_motion_fx_blur_range&quot;:{&quot;unit&quot;:&quot;%&quot;,&quot;size&quot;:&quot;&quot;,&quot;sizes&quot;:{&quot;start&quot;:20,&quot;end&quot;:80}},&quot;background_motion_fx_devices&quot;:[&quot;desktop&quot;,&quot;tablet&quot;,&quot;mobile&quot;]}\">\n\t\t\t\t<div class=\"elementor-shape elementor-shape-bottom\" aria-hidden=\"true\" data-negative=\"false\">\n\t\t\t<svg xmlns=\"http:\/\/www.w3.org\/2000\/svg\" viewBox=\"0 0 1000 100\" preserveAspectRatio=\"none\">\n\t<path class=\"elementor-shape-fill\" d=\"M761.9,44.1L643.1,27.2L333.8,98L0,3.8V0l1000,0v3.9\"\/>\n<\/svg>\t\t<\/div>\n\t\t<div class=\"elementor-element elementor-element-34efe50 e-con-full e-flex e-con e-child\" data-id=\"34efe50\" data-element_type=\"container\" data-e-type=\"container\">\n\t\t\t\t<div class=\"elementor-element elementor-element-83f02ed elementor-widget__width-initial elementor-invisible elementor-widget elementor-widget-heading\" data-id=\"83f02ed\" data-element_type=\"widget\" data-e-type=\"widget\" data-settings=\"{&quot;_animation&quot;:&quot;fadeInUp&quot;}\" data-widget_type=\"heading.default\">\n\t\t\t\t<div class=\"elementor-widget-container\">\n\t\t\t\t\t<h1 class=\"elementor-heading-title elementor-size-default\">Nossa Hist\u00f3ria<\/h1>\t\t\t\t<\/div>\n\t\t\t\t<\/div>\n\t\t\t\t<\/div>\n\t\t<div class=\"elementor-element elementor-element-7707738 e-con-full e-flex elementor-invisible e-con e-child\" data-id=\"7707738\" data-element_type=\"container\" data-e-type=\"container\" data-settings=\"{&quot;animation&quot;:&quot;fadeInUp&quot;}\">\n\t\t\t\t<div class=\"elementor-element elementor-element-d0cc724 elementor-widget elementor-widget-heading\" data-id=\"d0cc724\" data-element_type=\"widget\" data-e-type=\"widget\" data-widget_type=\"heading.default\">\n\t\t\t\t<div class=\"elementor-widget-container\">\n\t\t\t\t\t<h5 class=\"elementor-heading-title elementor-size-default\">Especialistas em terraplanagem, asfaltos e condom\u00ednios prontos para atender voc\u00ea!<\/h5>\t\t\t\t<\/div>\n\t\t\t\t<\/div>\n\t\t\t\t<\/div>\n\t\t\t\t<\/div>\n\t\t<div class=\"elementor-element elementor-element-6785fe8 e-flex e-con-boxed e-con e-parent\" data-id=\"6785fe8\" data-element_type=\"container\" data-e-type=\"container\">\n\t\t\t\t\t<div class=\"e-con-inner\">\n\t\t<div class=\"elementor-element elementor-element-05f8e72 e-con-full e-flex e-con e-child\" data-id=\"05f8e72\" data-element_type=\"container\" data-e-type=\"container\">\n\t\t\t\t<div class=\"elementor-element elementor-element-9dc5dff elementor-widget elementor-widget-text-editor\" data-id=\"9dc5dff\" data-element_type=\"widget\" data-e-type=\"widget\" data-widget_type=\"text-editor.default\">\n\t\t\t\t<div class=\"elementor-widget-container\">\n\t\t\t\t\t\t\t\t\t<p data-sourcepos=\"7:1-7:297\">Fundada em 1997, a <strong>Obragen<\/strong> nasceu com a vis\u00e3o de moldar o futuro. Iniciamos nossa jornada como especialistas em <strong>terraplanagem<\/strong>, lan\u00e7ando as bases para grandes empreendimentos. Rapidamente, expandimos, inaugurando nossa <strong>usina de asfalto<\/strong> em 2005 para garantir a qualidade de cada estrada.<\/p><p data-sourcepos=\"9:1-9:385\">Com o compromisso de melhorar a vida das comunidades, estendemos nossa atua\u00e7\u00e3o para <strong>\u00e1gua e esgoto<\/strong>, desenvolvendo sistemas essenciais. Mais recentemente, unimos toda essa expertise em <strong>empreendimentos imobili\u00e1rios<\/strong>, criando espa\u00e7os onde as fam\u00edlias podem prosperar. A <strong>Obragen<\/strong> \u00e9 sin\u00f4nimo de excel\u00eancia e inova\u00e7\u00e3o, construindo um legado de confian\u00e7a e progresso em cada projeto.<\/p>\t\t\t\t\t\t\t\t<\/div>\n\t\t\t\t<\/div>\n\t\t\t\t<\/div>\n\t\t<div class=\"elementor-element elementor-element-84f8be3 e-con-full e-flex e-con e-child\" data-id=\"84f8be3\" data-element_type=\"container\" data-e-type=\"container\">\n\t\t\t\t<div class=\"elementor-element elementor-element-b155595 elementor-widget elementor-widget-image\" data-id=\"b155595\" data-element_type=\"widget\" data-e-type=\"widget\" data-widget_type=\"image.default\">\n\t\t\t\t<div class=\"elementor-widget-container\">\n\t\t\t\t\t\t\t\t\t\t\t\t\t\t\t<img fetchpriority=\"high\" decoding=\"async\" width=\"1024\" height=\"768\" src=\"https:\/\/alsbrasil.com.br\/obragen\/wp-content\/uploads\/2025\/06\/obragen-sede-1024x768.webp\" class=\"attachment-large size-large wp-image-182\" alt=\"\" srcset=\"https:\/\/alsbrasil.com.br\/obragen\/wp-content\/uploads\/2025\/06\/obragen-sede-1024x768.webp 1024w, https:\/\/alsbrasil.com.br\/obragen\/wp-content\/uploads\/2025\/06\/obragen-sede-300x225.webp 300w, https:\/\/alsbrasil.com.br\/obragen\/wp-content\/uploads\/2025\/06\/obragen-sede-768x576.webp 768w, https:\/\/alsbrasil.com.br\/obragen\/wp-content\/uploads\/2025\/06\/obragen-sede.webp 1360w\" sizes=\"(max-width: 1024px) 100vw, 1024px\" \/>\t\t\t\t\t\t\t\t\t\t\t\t\t\t\t<\/div>\n\t\t\t\t<\/div>\n\t\t\t\t<\/div>\n\t\t\t\t\t<\/div>\n\t\t\t\t<\/div>\n\t\t<div class=\"elementor-element elementor-element-e59c567 e-flex e-con-boxed e-con e-parent\" data-id=\"e59c567\" data-element_type=\"container\" data-e-type=\"container\">\n\t\t\t\t\t<div class=\"e-con-inner\">\n\t\t\t\t<div class=\"elementor-element elementor-element-c1fbf89 elementor-widget elementor-widget-eael-post-timeline\" data-id=\"c1fbf89\" data-element_type=\"widget\" data-e-type=\"widget\" data-widget_type=\"eael-post-timeline.default\">\n\t\t\t\t<div class=\"elementor-widget-container\">\n\t\t\t\t\t<div id=\"eael-post-timeline-c1fbf89\" class=\"eael-post-timeline timeline-layout-card eael-post-timeline-arrow-top\">\n            <div class=\"eael-post-timeline eael-post-appender eael-post-appender-c1fbf89\"><article class=\"eael-timeline-post\">\n    <div class=\"eael-timeline-bullet\"><\/div>\n    <div class=\"eael-timeline-post-inner\">\n        <a class=\"eael-timeline-post-link\" href=\"https:\/\/alsbrasil.com.br\/obragen\/fundacao-da-obragen\/\" title=\"Funda\u00e7\u00e3o da Obragen\">\n            <time datetime=\"maio 1, 1995\">maio 1, 1995<\/time>\n            <div class=\"eael-timeline-content\"><div class=\"eael-timeline-post-title\">\n\t\t                    <h2 class=\"eael-timeline-post-title-text\">Funda\u00e7\u00e3o da Obragen<\/h2>\n\t\t                <\/div><div class=\"eael-timeline-post-excerpt\"><p>Foi fundada a OBRAGEN com sede em S\u00e3o Paulo-SP<\/p><\/div><\/div><\/a>\n    <\/div>\n    <div class=\"eael-timeline-clear\"><\/div>\n<\/article><article class=\"eael-timeline-post\">\n    <div class=\"eael-timeline-bullet\"><\/div>\n    <div class=\"eael-timeline-post-inner\">\n        <a class=\"eael-timeline-post-link\" href=\"https:\/\/alsbrasil.com.br\/obragen\/mudanca-de-sede\/\" title=\"Mudan\u00e7a de sede\">\n            <time datetime=\"mar\u00e7o 10, 2001\">mar\u00e7o 10, 2001<\/time>\n            <div class=\"eael-timeline-content\"><div class=\"eael-timeline-post-title\">\n\t\t                    <h2 class=\"eael-timeline-post-title-text\">Mudan\u00e7a de sede<\/h2>\n\t\t                <\/div><div class=\"eael-timeline-post-excerpt\"><p>A OBRAGEN transferiu sua sede para o Bairro Capoavinha em Votorantim SP, onde deu inicio na fabrica\u00e7\u00e3o pr\u00f3pia de CBUQ...<\/p><\/div><\/div><\/a>\n    <\/div>\n    <div class=\"eael-timeline-clear\"><\/div>\n<\/article><article class=\"eael-timeline-post\">\n    <div class=\"eael-timeline-bullet\"><\/div>\n    <div class=\"eael-timeline-post-inner\">\n        <a class=\"eael-timeline-post-link\" href=\"https:\/\/alsbrasil.com.br\/obragen\/grandes-contratos\/\" title=\"Grandes contratos\">\n            <time datetime=\"abril 5, 2010\">abril 5, 2010<\/time>\n            <div class=\"eael-timeline-content\"><div class=\"eael-timeline-post-title\">\n\t\t                    <h2 class=\"eael-timeline-post-title-text\">Grandes contratos<\/h2>\n\t\t                <\/div><div class=\"eael-timeline-post-excerpt\"><p>Em 2010 conquistamos os maiores contratos da Obragen na \u00e9poca: DER-SP &#8211; Recapeamento da Rodovia SP 157 Itapetininga-Guare\u00ed-Porangaba &#8211; SP...<\/p><\/div><\/div><\/a>\n    <\/div>\n    <div class=\"eael-timeline-clear\"><\/div>\n<\/article><article class=\"eael-timeline-post\">\n    <div class=\"eael-timeline-bullet\"><\/div>\n    <div class=\"eael-timeline-post-inner\">\n        <a class=\"eael-timeline-post-link\" href=\"https:\/\/alsbrasil.com.br\/obragen\/modernizacao-e-expansao\/\" title=\"Moderniza\u00e7\u00e3o e Expans\u00e3o\">\n            <time datetime=\"setembro 20, 2015\">setembro 20, 2015<\/time>\n            <div class=\"eael-timeline-content\"><div class=\"eael-timeline-post-title\">\n\t\t                    <h2 class=\"eael-timeline-post-title-text\">Moderniza\u00e7\u00e3o e Expans\u00e3o<\/h2>\n\t\t                <\/div><div class=\"eael-timeline-post-excerpt\"><p>Neste momento foi comprado diversos equipamentos modernos para execu\u00e7\u00e3o deOBRAS, tais como:<\/p><\/div><\/div><\/a>\n    <\/div>\n    <div class=\"eael-timeline-clear\"><\/div>\n<\/article><article class=\"eael-timeline-post\">\n    <div class=\"eael-timeline-bullet\"><\/div>\n    <div class=\"eael-timeline-post-inner\">\n        <a class=\"eael-timeline-post-link\" href=\"https:\/\/alsbrasil.com.br\/obragen\/nossas-realizacoes-em-2020\/\" title=\"Nossas Realiza\u00e7\u00f5es em 2020\">\n            <time datetime=\"agosto 12, 2020\">agosto 12, 2020<\/time>\n            <div class=\"eael-timeline-content\"><div class=\"eael-timeline-post-title\">\n\t\t                    <h2 class=\"eael-timeline-post-title-text\">Nossas Realiza\u00e7\u00f5es em 2020<\/h2>\n\t\t                <\/div><div class=\"eael-timeline-post-excerpt\"><p>Em 2020 j\u00e1 tinhamos executado diversas obras tais como:<\/p><\/div><\/div><\/a>\n    <\/div>\n    <div class=\"eael-timeline-clear\"><\/div>\n<\/article><article class=\"eael-timeline-post\">\n    <div class=\"eael-timeline-bullet\"><\/div>\n    <div class=\"eael-timeline-post-inner\">\n        <a class=\"eael-timeline-post-link\" href=\"https:\/\/alsbrasil.com.br\/obragen\/tradicao-e-excelencia\/\" title=\"Tradi\u00e7\u00e3o e Excel\u00eancia\">\n            <time datetime=\"junho 21, 2025\">junho 21, 2025<\/time>\n            <div class=\"eael-timeline-content\"><div class=\"eael-timeline-post-title\">\n\t\t                    <h2 class=\"eael-timeline-post-title-text\">Tradi\u00e7\u00e3o e Excel\u00eancia<\/h2>\n\t\t                <\/div><div class=\"eael-timeline-post-excerpt\"><p>Atualmente a OBRAGEN tem mais de 30 anos de exist\u00eancia e j\u00e1 executou mais de 4 milh\u00f5es de m\u00b2 de...<\/p><\/div><\/div><\/a>\n    <\/div>\n    <div class=\"eael-timeline-clear\"><\/div>\n<\/article><\/div>\n\t\t<\/div>\t\t\t\t<\/div>\n\t\t\t\t<\/div>\n\t\t\t\t\t<\/div>\n\t\t\t\t<\/div>\n\t\t\t\t<\/div>\n\t\t","protected":false},"excerpt":{"rendered":"<p>Nossa Hist\u00f3ria Especialistas em terraplanagem, asfaltos e condom\u00ednios prontos para atender voc\u00ea! Fundada em 1997, a Obragen nasceu com a [&hellip;]<\/p>\n","protected":false},"author":1,"featured_media":0,"parent":0,"menu_order":0,"comment_status":"closed","ping_status":"closed","template":"","meta":{"site-sidebar-layout":"no-sidebar","site-content-layout":"","ast-site-content-layout":"full-width-container","site-content-style":"default","site-sidebar-style":"default","ast-global-header-display":"","ast-banner-title-visibility":"","ast-main-header-display":"","ast-hfb-above-header-display":"","ast-hfb-below-header-display":"","ast-hfb-mobile-header-display":"","site-post-title":"disabled","ast-breadcrumbs-content":"","ast-featured-img":"disabled","footer-sml-layout":"","theme-transparent-header-meta":"","adv-header-id-meta":"","stick-header-meta":"","header-above-stick-meta":"","header-main-stick-meta":"","header-below-stick-meta":"","astra-migrate-meta-layouts":"default","ast-page-background-enabled":"default","ast-page-background-meta":{"desktop":{"background-color":"var(--ast-global-color-5)","background-image":"","background-repeat":"repeat","background-position":"center center","background-size":"auto","background-attachment":"scroll","background-type":"","background-media":"","overlay-type":"","overlay-color":"","overlay-opacity":"","overlay-gradient":""},"tablet":{"background-color":"","background-image":"","background-repeat":"repeat","background-position":"center center","background-size":"auto","background-attachment":"scroll","background-type":"","background-media":"","overlay-type":"","overlay-color":"","overlay-opacity":"","overlay-gradient":""},"mobile":{"background-color":"","background-image":"","background-repeat":"repeat","background-position":"center center","background-size":"auto","background-attachment":"scroll","background-type":"","background-media":"","overlay-type":"","overlay-color":"","overlay-opacity":"","overlay-gradient":""}},"ast-content-background-meta":{"desktop":{"background-color":"var(--ast-global-color-4)","background-image":"","background-repeat":"repeat","background-position":"center center","background-size":"auto","background-attachment":"scroll","background-type":"","background-media":"","overlay-type":"","overlay-color":"","overlay-opacity":"","overlay-gradient":""},"tablet":{"background-color":"var(--ast-global-color-4)","background-image":"","background-repeat":"repeat","background-position":"center center","background-size":"auto","background-attachment":"scroll","background-type":"","background-media":"","overlay-type":"","overlay-color":"","overlay-opacity":"","overlay-gradient":""},"mobile":{"background-color":"var(--ast-global-color-4)","background-image":"","background-repeat":"repeat","background-position":"center center","background-size":"auto","background-attachment":"scroll","background-type":"","background-media":"","overlay-type":"","overlay-color":"","overlay-opacity":"","overlay-gradient":""}},"footnotes":""},"class_list":["post-22","page","type-page","status-publish","hentry"],"_links":{"self":[{"href":"https:\/\/alsbrasil.com.br\/obragen\/wp-json\/wp\/v2\/pages\/22","targetHints":{"allow":["GET"]}}],"collection":[{"href":"https:\/\/alsbrasil.com.br\/obragen\/wp-json\/wp\/v2\/pages"}],"about":[{"href":"https:\/\/alsbrasil.com.br\/obragen\/wp-json\/wp\/v2\/types\/page"}],"author":[{"embeddable":true,"href":"https:\/\/alsbrasil.com.br\/obragen\/wp-json\/wp\/v2\/users\/1"}],"replies":[{"embeddable":true,"href":"https:\/\/alsbrasil.com.br\/obragen\/wp-json\/wp\/v2\/comments?post=22"}],"version-history":[{"count":7,"href":"https:\/\/alsbrasil.com.br\/obragen\/wp-json\/wp\/v2\/pages\/22\/revisions"}],"predecessor-version":[{"id":328,"href":"https:\/\/alsbrasil.com.br\/obragen\/wp-json\/wp\/v2\/pages\/22\/revisions\/328"}],"wp:attachment":[{"href":"https:\/\/alsbrasil.com.br\/obragen\/wp-json\/wp\/v2\/media?parent=22"}],"curies":[{"name":"wp","href":"https:\/\/api.w.org\/{rel}","templated":true}]}}